{"id":1806,"date":"2021-03-02T11:58:49","date_gmt":"2021-03-02T11:58:49","guid":{"rendered":"https:\/\/www.caldereriateruel.com\/configurar-cookies\/"},"modified":"2021-05-06T14:34:45","modified_gmt":"2021-05-06T14:34:45","slug":"configurar-cookies","status":"publish","type":"page","link":"https:\/\/caldereriateruel.com\/en\/configurar-cookies\/","title":{"rendered":"Configurar Cookies"},"content":{"rendered":"\t\t<div data-elementor-type=\"wp-page\" data-elementor-id=\"1806\" class=\"elementor elementor-1806 elementor-965\" data-elementor-post-type=\"page\">\n\t\t\t\t\t\t<section data-particle_enable=\"false\" data-particle-mobile-disabled=\"false\" class=\"elementor-section elementor-top-section elementor-element elementor-element-594998c8 elementor-section-boxed elementor-section-height-default elementor-section-height-default\" data-id=\"594998c8\" data-element_type=\"section\">\n\t\t\t\t\t\t<div class=\"elementor-container elementor-column-gap-default\">\n\t\t\t\t\t<div class=\"elementor-column elementor-col-100 elementor-top-column elementor-element elementor-element-67f8f83b\" data-id=\"67f8f83b\" data-element_type=\"column\">\n\t\t\t<div class=\"elementor-widget-wrap elementor-element-populated\">\n\t\t\t\t\t\t<div class=\"elementor-element elementor-element-3a34bf89 elementor-widget elementor-widget-text-editor\" data-id=\"3a34bf89\" data-element_type=\"widget\" data-widget_type=\"text-editor.default\">\n\t\t\t\t<div class=\"elementor-widget-container\">\n\t\t\t\t\t\t\t<p><!-- wp:paragraph --><\/p>\n<p><em>CALDERERIA TERUEL SL informa al usuario de que tiene la posibilidad de configurar su navegador de modo que se le informe de la recepci\u00f3n de cookies, pudiendo, si as\u00ed lo desea, impedir que sean instaladas en su disco duro.&nbsp;<\/em><\/p>\n<p><!-- \/wp:paragraph --><\/p>\n<p><!-- wp:paragraph --><\/p>\n<p><em>A continuaci\u00f3n le proporcionamos los enlaces de diversos navegadores, a trav\u00e9s de los cuales podr\u00e1 realizar dicha configuraci\u00f3n:&nbsp;<\/em><\/p>\n<p><!-- \/wp:paragraph --><\/p>\n<p><!-- wp:paragraph --><\/p>\n<p><strong><em>Firefox desde aqu\u00ed: <\/em><\/strong><em>http:\/\/support.mozilla.org\/es\/kb\/habilitar-y-deshabilitar-cookies-que-los-sitios-we&nbsp;<\/em><\/p>\n<p><!-- \/wp:paragraph --><\/p>\n<p><!-- wp:paragraph --><\/p>\n<ul>\n<li><strong><em>Chrome desde aqu\u00ed: <\/em><\/strong><em>http:\/\/support.google.com\/chrome\/bin\/answer.py?hl=es&amp;answer=95647&nbsp;<\/em><\/li>\n<li><strong><em>Explorer desde aqu\u00ed: <\/em><\/strong><em>http:\/\/windows.microsoft.com\/es-es\/internet-explorer\/delete-manage-cookies#ie=ie-10&nbsp;<\/em><\/li>\n<li><strong><em>Safari desde aqu\u00ed: <\/em><\/strong><em>https:\/\/support.apple.com\/kb\/ph17191?locale=es_ES&nbsp;<\/em><\/li>\n<li><strong><em>Opera desde aqu\u00ed: <\/em><\/strong><em>https:\/\/help.opera.com\/en\/latest\/web-preferences\/#cookies&nbsp;<\/em><\/li>\n<\/ul>\n<p><!-- \/wp:paragraph --><\/p>\n<p><!-- wp:paragraph --><\/p>\n<p><!-- \/wp:paragraph --><\/p>\n<p><!-- wp:paragraph --><\/p>\n<p><!-- \/wp:paragraph --><\/p>\n<p><!-- wp:paragraph --><\/p>\n<p><em><br><\/em><\/p>\n<p><!-- \/wp:paragraph --><\/p>\t\t\t\t\t\t<\/div>\n\t\t\t\t<\/div>\n\t\t\t\t\t<\/div>\n\t\t<\/div>\n\t\t\t\t\t<\/div>\n\t\t<\/section>\n\t\t\t\t<\/div>\n\t\t","protected":false},"excerpt":{"rendered":"<p>CALDERERIA TERUEL SL informa al usuario de que tiene la posibilidad de configurar su navegador de modo que se le informe de la recepci\u00f3n de cookies, pudiendo, si as\u00ed lo desea, impedir que sean instaladas en su disco duro.&nbsp; A continuaci\u00f3n le proporcionamos los enlaces de diversos navegadores, a trav\u00e9s de los cuales podr\u00e1 realizar [&hellip;]<\/p>\n","protected":false},"author":2,"featured_media":0,"parent":0,"menu_order":0,"comment_status":"closed","ping_status":"closed","template":"","meta":{"site-sidebar-layout":"default","site-content-layout":"default","ast-site-content-layout":"","site-content-style":"default","site-sidebar-style":"default","ast-global-header-display":"","ast-banner-title-visibility":"","ast-main-header-display":"","ast-hfb-above-header-display":"","ast-hfb-below-header-display":"","ast-hfb-mobile-header-display":"","site-post-title":"","ast-breadcrumbs-content":"","ast-featured-img":"","footer-sml-layout":"","theme-transparent-header-meta":"default","adv-header-id-meta":"","stick-header-meta":"default","header-above-stick-meta":"","header-main-stick-meta":"","header-below-stick-meta":"","astra-migrate-meta-layouts":"default","ast-page-background-enabled":"default","ast-page-background-meta":{"desktop":{"background-color":"","background-image":"","background-repeat":"repeat","background-position":"center center","background-size":"auto","background-attachment":"scroll","background-type":"","background-media":"","overlay-type":"","overlay-color":"","overlay-opacity":"","overlay-gradient":""},"tablet":{"background-color":"","background-image":"","background-repeat":"repeat","background-position":"center center","background-size":"auto","background-attachment":"scroll","background-type":"","background-media":"","overlay-type":"","overlay-color":"","overlay-opacity":"","overlay-gradient":""},"mobile":{"background-color":"","background-image":"","background-repeat":"repeat","background-position":"center center","background-size":"auto","background-attachment":"scroll","background-type":"","background-media":"","overlay-type":"","overlay-color":"","overlay-opacity":"","overlay-gradient":""}},"ast-content-background-meta":{"desktop":{"background-color":"var(--ast-global-color-5)","background-image":"","background-repeat":"repeat","background-position":"center center","background-size":"auto","background-attachment":"scroll","background-type":"","background-media":"","overlay-type":"","overlay-color":"","overlay-opacity":"","overlay-gradient":""},"tablet":{"background-color":"var(--ast-global-color-5)","background-image":"","background-repeat":"repeat","background-position":"center center","background-size":"auto","background-attachment":"scroll","background-type":"","background-media":"","overlay-type":"","overlay-color":"","overlay-opacity":"","overlay-gradient":""},"mobile":{"background-color":"var(--ast-global-color-5)","background-image":"","background-repeat":"repeat","background-position":"center center","background-size":"auto","background-attachment":"scroll","background-type":"","background-media":"","overlay-type":"","overlay-color":"","overlay-opacity":"","overlay-gradient":""}},"footnotes":""},"class_list":["post-1806","page","type-page","status-publish","hentry"],"yoast_head":"<!-- This site is optimized with the Yoast SEO plugin v24.0 - https:\/\/yoast.com\/wordpress\/plugins\/seo\/ -->\n<title>Configurar Cookies - Caldereria Teruel<\/title>\n<meta name=\"robots\" content=\"index, follow, max-snippet:-1, max-image-preview:large, max-video-preview:-1\" \/>\n<link rel=\"canonical\" href=\"https:\/\/caldereriateruel.com\/en\/configurar-cookies\/\" \/>\n<meta property=\"og:locale\" content=\"en_US\" \/>\n<meta property=\"og:type\" content=\"article\" \/>\n<meta property=\"og:title\" content=\"Configurar Cookies - Caldereria Teruel\" \/>\n<meta property=\"og:description\" content=\"CALDERERIA TERUEL SL informa al usuario de que tiene la posibilidad de configurar su navegador de modo que se le informe de la recepci\u00f3n de cookies, pudiendo, si as\u00ed lo desea, impedir que sean instaladas en su disco duro.&nbsp; A continuaci\u00f3n le proporcionamos los enlaces de diversos navegadores, a trav\u00e9s de los cuales podr\u00e1 realizar [&hellip;]\" \/>\n<meta property=\"og:url\" content=\"https:\/\/caldereriateruel.com\/en\/configurar-cookies\/\" \/>\n<meta property=\"og:site_name\" content=\"Caldereria Teruel\" \/>\n<meta property=\"article:modified_time\" content=\"2021-05-06T14:34:45+00:00\" \/>\n<meta name=\"twitter:card\" content=\"summary_large_image\" \/>\n<meta name=\"twitter:label1\" content=\"Est. reading time\" \/>\n\t<meta name=\"twitter:data1\" content=\"1 minute\" \/>\n<script type=\"application\/ld+json\" class=\"yoast-schema-graph\">{\"@context\":\"https:\/\/schema.org\",\"@graph\":[{\"@type\":\"WebPage\",\"@id\":\"https:\/\/caldereriateruel.com\/en\/configurar-cookies\/\",\"url\":\"https:\/\/caldereriateruel.com\/en\/configurar-cookies\/\",\"name\":\"Configurar Cookies - Caldereria Teruel\",\"isPartOf\":{\"@id\":\"https:\/\/caldereriateruel.com\/#website\"},\"datePublished\":\"2021-03-02T11:58:49+00:00\",\"dateModified\":\"2021-05-06T14:34:45+00:00\",\"breadcrumb\":{\"@id\":\"https:\/\/caldereriateruel.com\/en\/configurar-cookies\/#breadcrumb\"},\"inLanguage\":\"en-US\",\"potentialAction\":[{\"@type\":\"ReadAction\",\"target\":[\"https:\/\/caldereriateruel.com\/en\/configurar-cookies\/\"]}]},{\"@type\":\"BreadcrumbList\",\"@id\":\"https:\/\/caldereriateruel.com\/en\/configurar-cookies\/#breadcrumb\",\"itemListElement\":[{\"@type\":\"ListItem\",\"position\":1,\"name\":\"Portada\",\"item\":\"https:\/\/caldereriateruel.com\/en\/\"},{\"@type\":\"ListItem\",\"position\":2,\"name\":\"Configurar Cookies\"}]},{\"@type\":\"WebSite\",\"@id\":\"https:\/\/caldereriateruel.com\/#website\",\"url\":\"https:\/\/caldereriateruel.com\/\",\"name\":\"Caldereria Teruel\",\"description\":\"Ingenier\u00eda, dise\u00f1o y fabricaci\u00f3n de equipos\",\"publisher\":{\"@id\":\"https:\/\/caldereriateruel.com\/#organization\"},\"potentialAction\":[{\"@type\":\"SearchAction\",\"target\":{\"@type\":\"EntryPoint\",\"urlTemplate\":\"https:\/\/caldereriateruel.com\/?s={search_term_string}\"},\"query-input\":{\"@type\":\"PropertyValueSpecification\",\"valueRequired\":true,\"valueName\":\"search_term_string\"}}],\"inLanguage\":\"en-US\"},{\"@type\":\"Organization\",\"@id\":\"https:\/\/caldereriateruel.com\/#organization\",\"name\":\"Caldereria Teruel\",\"url\":\"https:\/\/caldereriateruel.com\/\",\"logo\":{\"@type\":\"ImageObject\",\"inLanguage\":\"en-US\",\"@id\":\"https:\/\/caldereriateruel.com\/#\/schema\/logo\/image\/\",\"url\":\"https:\/\/caldereriateruel.com\/wp-content\/uploads\/2024\/03\/cropped-LOOG-Caldereria-Teruel-24.png\",\"contentUrl\":\"https:\/\/caldereriateruel.com\/wp-content\/uploads\/2024\/03\/cropped-LOOG-Caldereria-Teruel-24.png\",\"width\":611,\"height\":204,\"caption\":\"Caldereria Teruel\"},\"image\":{\"@id\":\"https:\/\/caldereriateruel.com\/#\/schema\/logo\/image\/\"}}]}<\/script>\n<!-- \/ Yoast SEO plugin. -->","yoast_head_json":{"title":"Configurar Cookies - Caldereria Teruel","robots":{"index":"index","follow":"follow","max-snippet":"max-snippet:-1","max-image-preview":"max-image-preview:large","max-video-preview":"max-video-preview:-1"},"canonical":"https:\/\/caldereriateruel.com\/en\/configurar-cookies\/","og_locale":"en_US","og_type":"article","og_title":"Configurar Cookies - Caldereria Teruel","og_description":"CALDERERIA TERUEL SL informa al usuario de que tiene la posibilidad de configurar su navegador de modo que se le informe de la recepci\u00f3n de cookies, pudiendo, si as\u00ed lo desea, impedir que sean instaladas en su disco duro.&nbsp; A continuaci\u00f3n le proporcionamos los enlaces de diversos navegadores, a trav\u00e9s de los cuales podr\u00e1 realizar [&hellip;]","og_url":"https:\/\/caldereriateruel.com\/en\/configurar-cookies\/","og_site_name":"Caldereria Teruel","article_modified_time":"2021-05-06T14:34:45+00:00","twitter_card":"summary_large_image","twitter_misc":{"Est. reading time":"1 minute"},"schema":{"@context":"https:\/\/schema.org","@graph":[{"@type":"WebPage","@id":"https:\/\/caldereriateruel.com\/en\/configurar-cookies\/","url":"https:\/\/caldereriateruel.com\/en\/configurar-cookies\/","name":"Configurar Cookies - Caldereria Teruel","isPartOf":{"@id":"https:\/\/caldereriateruel.com\/#website"},"datePublished":"2021-03-02T11:58:49+00:00","dateModified":"2021-05-06T14:34:45+00:00","breadcrumb":{"@id":"https:\/\/caldereriateruel.com\/en\/configurar-cookies\/#breadcrumb"},"inLanguage":"en-US","potentialAction":[{"@type":"ReadAction","target":["https:\/\/caldereriateruel.com\/en\/configurar-cookies\/"]}]},{"@type":"BreadcrumbList","@id":"https:\/\/caldereriateruel.com\/en\/configurar-cookies\/#breadcrumb","itemListElement":[{"@type":"ListItem","position":1,"name":"Portada","item":"https:\/\/caldereriateruel.com\/en\/"},{"@type":"ListItem","position":2,"name":"Configurar Cookies"}]},{"@type":"WebSite","@id":"https:\/\/caldereriateruel.com\/#website","url":"https:\/\/caldereriateruel.com\/","name":"Caldereria Teruel","description":"Ingenier\u00eda, dise\u00f1o y fabricaci\u00f3n de equipos","publisher":{"@id":"https:\/\/caldereriateruel.com\/#organization"},"potentialAction":[{"@type":"SearchAction","target":{"@type":"EntryPoint","urlTemplate":"https:\/\/caldereriateruel.com\/?s={search_term_string}"},"query-input":{"@type":"PropertyValueSpecification","valueRequired":true,"valueName":"search_term_string"}}],"inLanguage":"en-US"},{"@type":"Organization","@id":"https:\/\/caldereriateruel.com\/#organization","name":"Caldereria Teruel","url":"https:\/\/caldereriateruel.com\/","logo":{"@type":"ImageObject","inLanguage":"en-US","@id":"https:\/\/caldereriateruel.com\/#\/schema\/logo\/image\/","url":"https:\/\/caldereriateruel.com\/wp-content\/uploads\/2024\/03\/cropped-LOOG-Caldereria-Teruel-24.png","contentUrl":"https:\/\/caldereriateruel.com\/wp-content\/uploads\/2024\/03\/cropped-LOOG-Caldereria-Teruel-24.png","width":611,"height":204,"caption":"Caldereria Teruel"},"image":{"@id":"https:\/\/caldereriateruel.com\/#\/schema\/logo\/image\/"}}]}},"_links":{"self":[{"href":"https:\/\/caldereriateruel.com\/en\/wp-json\/wp\/v2\/pages\/1806","targetHints":{"allow":["GET"]}}],"collection":[{"href":"https:\/\/caldereriateruel.com\/en\/wp-json\/wp\/v2\/pages"}],"about":[{"href":"https:\/\/caldereriateruel.com\/en\/wp-json\/wp\/v2\/types\/page"}],"author":[{"embeddable":true,"href":"https:\/\/caldereriateruel.com\/en\/wp-json\/wp\/v2\/users\/2"}],"replies":[{"embeddable":true,"href":"https:\/\/caldereriateruel.com\/en\/wp-json\/wp\/v2\/comments?post=1806"}],"version-history":[{"count":1,"href":"https:\/\/caldereriateruel.com\/en\/wp-json\/wp\/v2\/pages\/1806\/revisions"}],"predecessor-version":[{"id":1807,"href":"https:\/\/caldereriateruel.com\/en\/wp-json\/wp\/v2\/pages\/1806\/revisions\/1807"}],"wp:attachment":[{"href":"https:\/\/caldereriateruel.com\/en\/wp-json\/wp\/v2\/media?parent=1806"}],"curies":[{"name":"wp","href":"https:\/\/api.w.org\/{rel}","templated":true}]}}